{"id":157,"date":"2026-01-04T16:16:46","date_gmt":"2026-01-04T16:16:46","guid":{"rendered":"https:\/\/fairytaleleather.fi\/site\/?page_id=157"},"modified":"2026-02-18T11:32:11","modified_gmt":"2026-02-18T09:32:11","slug":"157-2","status":"publish","type":"page","link":"https:\/\/fairytaleleather.fi\/site\/157-2\/","title":{"rendered":"Hinnasto"},"content":{"rendered":"\n<div class=\"wp-block-group has-global-padding is-layout-constrained wp-container-core-group-is-layout-3c697f39 wp-block-group-is-layout-constrained\" style=\"margin-top:var(--wp--preset--spacing--20);margin-bottom:var(--wp--preset--spacing--20)\">\n<div class=\"wp-block-cover alignfull\" style=\"padding-right:var(--wp--preset--spacing--40);padding-left:var(--wp--preset--spacing--40)\"><img loading=\"lazy\" decoding=\"async\" width=\"724\" height=\"1024\" class=\"wp-block-cover__image-background wp-image-393 size-large\" alt=\"\" src=\"https:\/\/fairytaleleather.fi\/site\/wp-content\/uploads\/2026\/01\/HinnastoFairytale26-724x1024.png\" data-object-fit=\"cover\" srcset=\"https:\/\/fairytaleleather.fi\/site\/wp-content\/uploads\/2026\/01\/HinnastoFairytale26-724x1024.png 724w, https:\/\/fairytaleleather.fi\/site\/wp-content\/uploads\/2026\/01\/HinnastoFairytale26-212x300.png 212w, https:\/\/fairytaleleather.fi\/site\/wp-content\/uploads\/2026\/01\/HinnastoFairytale26-768x1086.png 768w, https:\/\/fairytaleleather.fi\/site\/wp-content\/uploads\/2026\/01\/HinnastoFairytale26-1086x1536.png 1086w, https:\/\/fairytaleleather.fi\/site\/wp-content\/uploads\/2026\/01\/HinnastoFairytale26-600x849.png 600w, https:\/\/fairytaleleather.fi\/site\/wp-content\/uploads\/2026\/01\/HinnastoFairytale26.png 1414w\" sizes=\"auto, (max-width: 724px) 100vw, 724px\" \/><span aria-hidden=\"true\" class=\"wp-block-cover__background has-background-dim\"><\/span><div class=\"wp-block-cover__inner-container is-layout-flow wp-block-cover-is-layout-flow\">\n<p class=\"has-text-align-center has-text-color has-link-color has-x-large-font-size wp-elements-c76355a76a3dcc2289fa817365cabe93\" style=\"color:#ffcb5c\">Suutarin hinnasto<\/p>\n\n\n\n<div class=\"wp-block-group tiivis-hinnasto is-vertical is-content-justification-center is-layout-flex wp-container-core-group-is-layout-2f43b880 wp-block-group-is-layout-flex\">\n<p class=\"tiivis-hinnasto has-text-color has-link-color has-medium-font-size wp-elements-f2b47ecf0c318619e31f345c3e013f18\" style=\"color:#ffcb5c;margin-top:0;margin-bottom:0;padding-right:0;padding-left:0;line-height:1.2\">Korkolaput alk. 20\u20ac<\/p>\n\n\n\n<p class=\"tiivis-hinnasto has-text-color has-link-color has-medium-font-size wp-elements-985d67778c1ee090f0f95ef698b6ae88\" style=\"color:#ffcb5c;margin-top:0;margin-bottom:0;padding-right:0;padding-left:0;line-height:1.2\">Puolipohjat alk. 25\u20ac<\/p>\n\n\n\n<p class=\"has-text-color has-link-color has-medium-font-size wp-elements-5f50fc75a09e609b869719a7929a2084\" style=\"color:#ffcb5c;margin-top:0;margin-bottom:0;padding-right:0;padding-left:0;line-height:1.2\">K\u00e4rkipalat alk. 20\u20ac<\/p>\n\n\n\n<p class=\"has-text-color has-link-color has-medium-font-size wp-elements-11a4a0288760686206011c8db5399c7b\" style=\"color:#ffcb5c;margin-top:0;margin-bottom:0;padding-right:0;padding-left:0;line-height:1.2\">Koron kiinnitys alk. 15\u20ac\/kpl<\/p>\n\n\n\n<p class=\"has-text-color has-link-color has-medium-font-size wp-elements-c1f52336f52bd74abbed4b45f641ba78\" style=\"color:#ffcb5c;margin-top:0;margin-bottom:0;padding-right:0;padding-left:0;line-height:1.2\">Liimaukset alk. 10\u20ac<\/p>\n\n\n\n<p class=\"has-text-color has-link-color has-medium-font-size wp-elements-8d948c20ca4dd2c985577f2606f05cb9\" style=\"color:#ffcb5c;margin-top:0;margin-bottom:0;padding-right:0;padding-left:0;line-height:2.5\"><\/p>\n\n\n\n<p class=\"has-text-color has-link-color has-medium-font-size wp-elements-7d5c7cf0da4d3f80f4db93ec16507677\" style=\"color:#ffcb5c;margin-top:0;margin-bottom:0;padding-right:0;padding-left:0;line-height:1.2\">Venytys alk. 20\u20ac<\/p>\n\n\n\n<p class=\"is-style-default has-text-color has-link-color has-medium-font-size wp-elements-03d350ba484c87e22c7e2561372b42d3\" style=\"color:#ffcb5c;margin-top:0;margin-bottom:0;padding-right:0;padding-left:0;line-height:1.2\">Varren venytys alk. 25\u20ac<\/p>\n\n\n\n<p class=\"has-text-color has-link-color has-medium-font-size wp-elements-ab72bb2801d352ca5ee25c2cdec6b21e\" style=\"color:#ffcb5c;margin-top:0;margin-bottom:0;padding-right:0;padding-left:0;line-height:1.2\">Tikkaukset alk. 10\u20ac<\/p>\n\n\n\n<p class=\"has-text-color has-link-color has-medium-font-size wp-elements-622cf45f6b3d2694cff9dc0f85a118cd\" style=\"color:#ffcb5c;margin-top:0;margin-bottom:0;padding-right:0;padding-left:0;line-height:1.2\">Paikkaukset alk. 15\u20ac<\/p>\n\n\n\n<p class=\"has-text-color has-link-color has-medium-font-size wp-elements-dfd9637cbad5834d0a81842b9e1df71e\" style=\"color:#ffcb5c;margin-top:0;margin-bottom:0;padding-right:0;padding-left:0;line-height:1.2\">Sivupaikkaukset alk. 25\u20ac<\/p>\n\n\n\n<p class=\"has-text-color has-link-color has-medium-font-size wp-elements-d2bd9883dea3a83027b8373084a2620b\" style=\"color:#ffcb5c;margin-top:0;margin-bottom:0;padding-right:0;padding-left:0;line-height:1.2\">Kantavuorit alk. 35\u20ac\/pari<\/p>\n\n\n\n<p class=\"has-text-color has-link-color has-medium-font-size wp-elements-8e26e6e25698e1453b377e351ace6eb5\" style=\"color:#ffcb5c;margin-top:0;margin-bottom:0;padding-right:0;padding-left:0;line-height:1.2\">Vetoketjun vaihto kenk\u00e4\u00e4n (ketju sis.) alk. 30\u20ac<\/p>\n\n\n\n<p class=\"has-text-color has-link-color has-medium-font-size wp-elements-8d948c20ca4dd2c985577f2606f05cb9\" style=\"color:#ffcb5c;margin-top:0;margin-bottom:0;padding-right:0;padding-left:0;line-height:2.5\"><\/p>\n\n\n\n<p class=\"has-text-color has-link-color has-medium-font-size wp-elements-b2114570f5b6717004ad452dbeb2a30a\" style=\"color:#ffcb5c;margin-top:0;margin-bottom:0;padding-right:0;padding-left:0;line-height:1.2\">Niitit, napit, nepparit alk. 5\u20ac\/kpl<\/p>\n\n\n\n<p class=\"has-text-color has-link-color has-medium-font-size wp-elements-6f2dbcab56b73abf10e1f7488b60791c\" style=\"color:#ffcb5c;margin-top:0;margin-bottom:0;padding-right:0;padding-left:0;line-height:1.2\">Soljet, lukot, karabiinihaat alk. 10\u20ac\/kpl<\/p>\n\n\n\n<p class=\"has-text-color has-link-color has-medium-font-size wp-elements-72a3e7fb4b9593a734c1a0bb974513e0\" style=\"color:#ffcb5c;margin-top:0;margin-bottom:0;padding-right:0;padding-left:0;line-height:1.2\">Tarrat, venykkeet ja remmit alk. 10\u20ac\/kpl<\/p>\n\n\n\n<p class=\"has-text-color has-link-color has-medium-font-size wp-elements-3fe16519ac6e2b64cd191893eb4ab20b\" style=\"color:#ffcb5c;margin-top:0;margin-bottom:0;padding-right:0;padding-left:0;line-height:1.2\">Laukun hihnan korjaukset\/vaihdot alk. 15\u20ac \/30\u20ac<\/p>\n\n\n\n<p class=\"has-text-color has-link-color has-medium-font-size wp-elements-2345709006a6b3ccf888d4945df3bc44\" style=\"color:#ffcb5c;margin-top:0;margin-bottom:0;padding-right:0;padding-left:0;line-height:1.2\">Laukun\/repun vetoketjun vaihto (ketju sis.) alk. 30\u20ac<\/p>\n\n\n\n<p class=\"has-text-color has-link-color has-medium-font-size wp-elements-dc1dd059fd39240986f6cc076659cec0\" style=\"color:#ffcb5c;margin-top:0;margin-bottom:0;padding-right:0;padding-left:0;line-height:1.2\">Vetoketjun vetimen vaihto alk. 20\u20ac<\/p>\n\n\n\n<p class=\"has-text-color has-link-color has-medium-font-size wp-elements-b4b0c5a4c559ac0b8dfe941e112cca5d\" style=\"color:#ffcb5c;margin-top:0;margin-bottom:0;padding-right:0;padding-left:0;line-height:1.2\">Vy\u00f6n lyhennys alk. 15\u20ac<\/p>\n\n\n\n<p class=\"has-text-color has-link-color has-medium-font-size wp-elements-bc78558ac3a6ae6c1f678b7d526c5bc2\" style=\"color:#ffcb5c;margin-top:0;margin-bottom:0;padding-right:0;padding-left:0;line-height:1.2\">Vy\u00f6n rei\u2019itys 2\u20ac\/reik\u00e4<\/p>\n\n\n\n<p class=\"has-text-color has-link-color has-medium-font-size wp-elements-8d948c20ca4dd2c985577f2606f05cb9\" style=\"color:#ffcb5c;margin-top:0;margin-bottom:0;padding-right:0;padding-left:0;line-height:2.5\"><\/p>\n\n\n\n<p class=\"has-text-color has-link-color has-medium-font-size wp-elements-1cf9c5593af53a5cbb5c03477dcbfe6d\" style=\"color:#ffcb5c;margin-top:0;margin-bottom:0;padding-right:0;padding-left:0;line-height:1.2\">Takin vetoketjun vaihto (ketju sis.) alk. 60\u20ac<\/p>\n\n\n\n<p class=\"has-text-color has-link-color has-medium-font-size wp-elements-2b5bc78b2285e08ec0b4e87e46207bd9\" style=\"color:#ffcb5c;margin-top:0;margin-bottom:0;padding-right:0;padding-left:0;line-height:1.2\">Housujen vetoketjun vaihto (ketju sis.)  alk. 30\u20ac<\/p>\n\n\n\n<p class=\"has-text-color has-link-color has-medium-font-size wp-elements-6ffd717dbdb98c3dc3e9683864a20a8c\" style=\"color:#ffcb5c;margin-top:0;margin-bottom:0;padding-right:0;padding-left:0;line-height:1.2\">Housujen lyhennys alk. 25\u20ac<\/p>\n\n\n\n<p class=\"has-text-color has-link-color has-medium-font-size wp-elements-8d948c20ca4dd2c985577f2606f05cb9\" style=\"color:#ffcb5c;margin-top:0;margin-bottom:0;padding-right:0;padding-left:0;line-height:2.5\"><\/p>\n\n\n\n<p class=\"has-text-color has-link-color has-medium-font-size wp-elements-e3a64443c99219f1044341605bb22674\" style=\"color:#ffcb5c;margin-top:0;margin-bottom:0;padding-right:0;padding-left:0;line-height:1.2\">Huolto sis.<\/p>\n\n\n\n<p class=\"has-text-color has-link-color has-medium-font-size wp-elements-83ab2576be61f9c8123f6c624ae9fe70\" style=\"color:#ffcb5c;margin-top:0;margin-bottom:0;padding-right:0;padding-left:0;line-height:1.2\">-Puhdistus, hoitoaine ja suoja-aine alk. 20\u20ac<\/p>\n\n\n\n<p class=\"has-text-color has-link-color has-medium-font-size wp-elements-10bc0d55a1169560a8dca7c5df7b690f\" style=\"color:#ffcb5c;margin-top:0;margin-bottom:0;padding-right:0;padding-left:0;line-height:1.2\">-Muun ty\u00f6n yhteydess\u00e4 10\u20ac<\/p>\n\n\n\n<p class=\"has-text-color has-link-color has-medium-font-size wp-elements-8d948c20ca4dd2c985577f2606f05cb9\" style=\"color:#ffcb5c;margin-top:0;margin-bottom:0;padding-right:0;padding-left:0;line-height:2.5\"><\/p>\n\n\n\n<p class=\"has-text-color has-link-color has-medium-font-size wp-elements-428c739ab4578a343a10b557aa300a6c\" style=\"color:#ffcb5c;margin-top:0;margin-bottom:0;padding-right:0;padding-left:0;line-height:1.2\">Teroitukset alk. 10\u20ac<\/p>\n\n\n\n<p class=\"has-text-color has-link-color has-medium-font-size wp-elements-098084d0125de272c81d868b32a4a83d\" style=\"color:#ffcb5c;margin-top:0;margin-bottom:0;padding-right:0;padding-left:0;line-height:1.2\">-Mm. veitset, puukot, sakset, kirveet<\/p>\n\n\n\n<p class=\"has-text-color has-link-color has-medium-font-size wp-elements-8d948c20ca4dd2c985577f2606f05cb9\" style=\"color:#ffcb5c;margin-top:0;margin-bottom:0;padding-right:0;padding-left:0;line-height:2.5\"><\/p>\n\n\n\n<p class=\"has-text-color has-link-color has-medium-font-size wp-elements-4f381c4552f8091e02b87e11453b1d8e\" style=\"color:#ffcb5c;margin-top:0;margin-bottom:0;padding-right:0;padding-left:0;line-height:1.2\">Luistinten teroitus 10\u20ac<\/p>\n\n\n\n<p class=\"has-text-align-center has-text-color has-link-color has-medium-font-size wp-elements-05aee554912ccd6d8a7cf489c53cf268\" style=\"color:#ffcb5c;margin-top:0;margin-bottom:0;padding-right:0;padding-left:0;line-height:1.2\">Luistinten niittaus\/nauharenkaat 2\u20ac\/kpl<\/p>\n\n\n\n<p class=\"has-text-color has-link-color has-medium-font-size wp-elements-b1b014b1f0099629c06bde6e1f8356a3\" style=\"color:#ffcb5c;margin-top:0;margin-bottom:0;padding-right:0;padding-left:0;line-height:1.2\">Muut urheiluvarusteiden korjaukset sopimuksen mukaan<\/p>\n\n\n\n<p class=\"has-text-color has-link-color has-medium-font-size wp-elements-8d948c20ca4dd2c985577f2606f05cb9\" style=\"color:#ffcb5c;margin-top:0;margin-bottom:0;padding-right:0;padding-left:0;line-height:2.5\"><\/p>\n\n\n\n<p class=\"has-text-color has-link-color has-medium-font-size wp-elements-11e622a6f345709dda17d0d26c99efeb\" style=\"color:#ffcb5c;margin-top:0;margin-bottom:0;padding-right:0;padding-left:0;line-height:1.2\">Lis\u00e4ksi mm. Kenkien\/nahka-asusteiden v\u00e4rj\u00e4ys,<\/p>\n\n\n\n<p class=\"has-text-color has-link-color has-medium-font-size wp-elements-c803d87024f31945651d84b93cfd222e\" style=\"color:#ffcb5c;margin-top:0;margin-bottom:0;padding-right:0;padding-left:0;line-height:1.2\">kenkien, vaatteiden ja asusteiden kustomointi<\/p>\n\n\n\n<p class=\"has-text-color has-link-color has-medium-font-size wp-elements-d43b65fbaa12ad28eb4118ea72b572bb\" style=\"color:#ffcb5c;margin-top:0;margin-bottom:0;padding-right:0;padding-left:0;line-height:1.2\">sek\u00e4 muut suutarinty\u00f6t ja tilausty\u00f6t sopimuksen mukaan<\/p>\n\n\n\n<p class=\"has-text-color has-link-color has-small-font-size wp-elements-a4aa27f96d74757e07f3e7ad6ae0497a\" style=\"color:#9f9522;margin-top:0;margin-bottom:0;padding-right:0;padding-left:0;line-height:2.5\">J\u00c4T\u00c4 &amp; NOUDA palvelun (Kirppis Helmi Centeriss\u00e4) palvelumaksu 5 \u20ac<\/p>\n\n\n\n<p class=\"has-text-color has-link-color has-medium-font-size wp-elements-55bc9aefe9f51846505ebcd2fb5505da\" style=\"color:#ffcb5c;margin-top:0;margin-bottom:0;padding-right:0;padding-left:0;line-height:1.2\">KYSY ROHKEASTI TARJOUS!<\/p>\n<\/div>\n\n\n\n<p><\/p>\n<\/div><\/div>\n<\/div>\n","protected":false},"excerpt":{"rendered":"","protected":false},"author":3,"featured_media":0,"parent":0,"menu_order":0,"comment_status":"closed","ping_status":"closed","template":"","meta":{"slim_seo":{"title":"Hinnasto - Fairytale Leather - Satumainen SUUTARI","description":""},"footnotes":""},"class_list":["post-157","page","type-page","status-publish","hentry"],"jetpack_sharing_enabled":true,"_links":{"self":[{"href":"https:\/\/fairytaleleather.fi\/site\/wp-json\/wp\/v2\/pages\/157","targetHints":{"allow":["GET"]}}],"collection":[{"href":"https:\/\/fairytaleleather.fi\/site\/wp-json\/wp\/v2\/pages"}],"about":[{"href":"https:\/\/fairytaleleather.fi\/site\/wp-json\/wp\/v2\/types\/page"}],"author":[{"embeddable":true,"href":"https:\/\/fairytaleleather.fi\/site\/wp-json\/wp\/v2\/users\/3"}],"replies":[{"embeddable":true,"href":"https:\/\/fairytaleleather.fi\/site\/wp-json\/wp\/v2\/comments?post=157"}],"version-history":[{"count":15,"href":"https:\/\/fairytaleleather.fi\/site\/wp-json\/wp\/v2\/pages\/157\/revisions"}],"predecessor-version":[{"id":776,"href":"https:\/\/fairytaleleather.fi\/site\/wp-json\/wp\/v2\/pages\/157\/revisions\/776"}],"wp:attachment":[{"href":"https:\/\/fairytaleleather.fi\/site\/wp-json\/wp\/v2\/media?parent=157"}],"curies":[{"name":"wp","href":"https:\/\/api.w.org\/{rel}","templated":true}]}}