{"id":266,"date":"2026-01-06T10:49:37","date_gmt":"2026-01-06T10:49:37","guid":{"rendered":"https:\/\/fairytaleleather.fi\/site\/?page_id=266"},"modified":"2026-01-06T16:40:40","modified_gmt":"2026-01-06T16:40:40","slug":"synnytyskertomus22","status":"publish","type":"page","link":"https:\/\/fairytaleleather.fi\/site\/synnytyskertomus22\/","title":{"rendered":"Synnytyskertomus"},"content":{"rendered":"\n<div style=\"height:120px\" aria-hidden=\"true\" class=\"wp-block-spacer\"><\/div>\n\n\n\n<div class=\"wp-block-group alignfull menninkaistarina is-style-default has-global-padding is-layout-constrained wp-container-core-group-is-layout-2772455e wp-block-group-is-layout-constrained\" style=\"padding-right:0;padding-left:0\">\n<div class=\"wp-block-group has-global-padding is-layout-constrained wp-container-core-group-is-layout-de65d514 wp-block-group-is-layout-constrained\" style=\"padding-right:var(--wp--preset--spacing--20);padding-left:var(--wp--preset--spacing--20)\">\n<h2 class=\"wp-block-heading has-text-align-left has-base-color has-text-color has-link-color has-x-large-font-size wp-elements-c0c91d3f8ded139566a462ba2f6b5258\" style=\"margin-top:var(--wp--preset--spacing--30);margin-right:var(--wp--preset--spacing--20);margin-bottom:var(--wp--preset--spacing--30);margin-left:var(--wp--preset--spacing--20)\">Fairytale Leather &#8211; Synnytyskertomus&#8230;<\/h2>\n\n\n\n<h2 class=\"wp-block-heading has-text-align-right has-base-color has-text-color has-link-color has-x-large-font-size wp-elements-910c652d773a5c64532a5e880df6ad2b\" style=\"margin-right:var(--wp--preset--spacing--20);margin-left:var(--wp--preset--spacing--20)\"><em>&#8230; ja<\/em> <em>Satumainen suutari henkil\u00f6n\u00e4<\/em><\/h2>\n\n\n\n<div style=\"height:150px\" aria-hidden=\"true\" class=\"wp-block-spacer\"><\/div>\n\n\n\n<div class=\"wp-block-columns alignfull is-style-section-2 has-contrast-background-color has-background is-layout-flex wp-container-core-columns-is-layout-ee47c1f3 wp-block-columns-is-layout-flex is-style-section-2--1\" style=\"padding-top:var(--wp--preset--spacing--40);padding-right:0;padding-bottom:var(--wp--preset--spacing--40);padding-left:0\">\n<div class=\"wp-block-column has-background has-global-padding is-content-justification-center is-layout-constrained wp-container-core-column-is-layout-fc280024 wp-block-column-is-layout-constrained\" style=\"background:linear-gradient(135deg,rgb(255,224,224) 0%,rgb(255,124,235) 100%);padding-right:var(--wp--preset--spacing--20);padding-left:var(--wp--preset--spacing--20);flex-basis:800px\">\n<div class=\"wp-block-group is-vertical is-layout-flex wp-container-core-group-is-layout-c07ce3fd wp-block-group-is-layout-flex\" style=\"min-height:24vh;padding-top:var(--wp--preset--spacing--50);padding-right:var(--wp--preset--spacing--20);padding-bottom:var(--wp--preset--spacing--50);padding-left:var(--wp--preset--spacing--20)\">\n<p class=\"has-medium-font-size\">Moikka, <\/p>\n\n\n\n<p class=\"has-medium-font-size\">h\u00e4\u00e4rin tireht\u00f6\u00f6rin\u00e4 t\u00e4m\u00e4n kaiken takana. Olen kasvanut k\u00e4sity\u00f6yritt\u00e4j\u00e4n helmoissa koko lapsuuteni ja h\u00e4\u00e4rinyt enemm\u00e4n ja v\u00e4hemm\u00e4n mukana toiminnassa useamman vuosikymmenen. Todennut varmasti lukemattomia kertoja my\u00f6s, ett\u00e4 minusta ei ikin\u00e4 tule yritt\u00e4j\u00e4\u00e4&#8230; No, toisin k\u00e4vi. Palo toteuttaa omaa luovuutta ja tehd\u00e4 k\u00e4sill\u00e4 vei vaan mukanaan ja t\u00e4ll\u00e4 alalla kun ei juuri palkkat\u00f6it\u00e4 ole tarjolla, niin rohkeasti l\u00e4hdin tekem\u00e4\u00e4n unelmista totta.<\/p>\n\n\n\n<p class=\"has-medium-font-size\">Ty\u00f6historiaa on kertynyt kaupan alalta ja rakennusalalta toistakymment\u00e4 vuotta. Rakennusalan taantuma ja oma jaksaminen fyysisesti raskaalla alalla saivat minut miettim\u00e4\u00e4n alanvaihtoa muutama vuosi sitten. Selailin opiskelumahdollisuuksia ja eteeni osui alkava suutarin koulutus Kankaanp\u00e4\u00e4ss\u00e4. Silt\u00e4 istumalta p\u00e4\u00e4tin hakea koulutukseen, ala vei minut t\u00e4ysin menness\u00e4\u00e4n ja valmistuinkin Kankaanp\u00e4\u00e4st\u00e4 suutariksi kev\u00e4\u00e4ll\u00e4 2025.<\/p>\n\n\n\n<p class=\"has-medium-font-size\">El\u00e4m\u00e4 oli kuljettanut minut Nokian perukoille Linnavuoreen, jonne p\u00e4\u00e4tin kotini alakertaan perustaa oman suutarinpajan vuoden 2026 alussa, jossa taikuroin risat keng\u00e4t taas k\u00e4ytt\u00f6kuntoon ja valmistan nahasta uniikkeja tuotteita satumaisella otteella ja omistautumisella, just teid\u00e4n tarpeisiin.<\/p>\n\n\n\n<div style=\"height:45px\" aria-hidden=\"true\" class=\"wp-block-spacer wp-container-content-95fa6ccb\"><\/div>\n\n\n\n<h2 class=\"wp-block-heading has-medium-font-size\"><em>Parhain terveisin, <\/em><\/h2>\n\n\n\n<p class=\"is-style-default\"><em>Satu R\u00f6pp\u00e4nen<\/em><\/p>\n<\/div>\n<\/div>\n\n\n\n<div class=\"wp-block-column is-layout-flow wp-block-column-is-layout-flow\" style=\"padding-right:0;padding-left:0;flex-basis:600px\">\n<div class=\"wp-block-cover\" style=\"min-height:900px;aspect-ratio:unset;\"><img loading=\"lazy\" decoding=\"async\" width=\"768\" height=\"1024\" class=\"wp-block-cover__image-background wp-image-170 size-large\" alt=\"\" src=\"https:\/\/fairytaleleather.fi\/site\/wp-content\/uploads\/2026\/01\/Satu-15-1-768x1024.jpg\" data-object-fit=\"cover\" srcset=\"https:\/\/fairytaleleather.fi\/site\/wp-content\/uploads\/2026\/01\/Satu-15-1-768x1024.jpg 768w, https:\/\/fairytaleleather.fi\/site\/wp-content\/uploads\/2026\/01\/Satu-15-1-225x300.jpg 225w, https:\/\/fairytaleleather.fi\/site\/wp-content\/uploads\/2026\/01\/Satu-15-1-1152x1536.jpg 1152w, https:\/\/fairytaleleather.fi\/site\/wp-content\/uploads\/2026\/01\/Satu-15-1.jpg 1536w\" sizes=\"auto, (max-width: 768px) 100vw, 768px\" \/><span aria-hidden=\"true\" class=\"wp-block-cover__background has-background-dim-0 has-background-dim\" style=\"background-color:#6e6b6a\"><\/span><div class=\"wp-block-cover__inner-container is-layout-flow wp-block-cover-is-layout-flow\">\n<p class=\"has-text-align-center has-large-font-size\"><\/p>\n<\/div><\/div>\n<\/div>\n<\/div>\n<\/div>\n<\/div>\n\n\n\n<p><\/p>\n","protected":false},"excerpt":{"rendered":"<p>Fairytale Leather &#8211; Synnytyskertomus&#8230; &#8230; ja Satumainen suutari henkil\u00f6n\u00e4 Moikka, h\u00e4\u00e4rin tireht\u00f6\u00f6rin\u00e4 t\u00e4m\u00e4n kaiken takana. Olen kasvanut k\u00e4sity\u00f6yritt\u00e4j\u00e4n helmoissa koko lapsuuteni ja h\u00e4\u00e4rinyt enemm\u00e4n ja v\u00e4hemm\u00e4n mukana toiminnassa useamman vuosikymmenen. Todennut varmasti lukemattomia kertoja my\u00f6s, ett\u00e4 minusta ei ikin\u00e4 tule yritt\u00e4j\u00e4\u00e4&#8230; No, toisin k\u00e4vi. Palo toteuttaa omaa luovuutta ja tehd\u00e4 k\u00e4sill\u00e4 vei vaan mukanaan ja [&hellip;]<\/p>\n","protected":false},"author":2,"featured_media":0,"parent":0,"menu_order":0,"comment_status":"closed","ping_status":"closed","template":"","meta":{"slim_seo":{"title":"Synnytyskertomus - Fairytale Leather - Satumainen SUUTARI","description":"Fairytale Leather - Synnytyskertomus... ... ja Satumainen suutari henkil\u00f6n\u00e4 Moikka, h\u00e4\u00e4rin tireht\u00f6\u00f6rin\u00e4 t\u00e4m\u00e4n kaiken takana. Olen kasvanut k\u00e4sity\u00f6yritt\u00e4j\u00e4n helm"},"footnotes":""},"class_list":["post-266","page","type-page","status-publish","hentry"],"jetpack_sharing_enabled":true,"_links":{"self":[{"href":"https:\/\/fairytaleleather.fi\/site\/wp-json\/wp\/v2\/pages\/266","targetHints":{"allow":["GET"]}}],"collection":[{"href":"https:\/\/fairytaleleather.fi\/site\/wp-json\/wp\/v2\/pages"}],"about":[{"href":"https:\/\/fairytaleleather.fi\/site\/wp-json\/wp\/v2\/types\/page"}],"author":[{"embeddable":true,"href":"https:\/\/fairytaleleather.fi\/site\/wp-json\/wp\/v2\/users\/2"}],"replies":[{"embeddable":true,"href":"https:\/\/fairytaleleather.fi\/site\/wp-json\/wp\/v2\/comments?post=266"}],"version-history":[{"count":39,"href":"https:\/\/fairytaleleather.fi\/site\/wp-json\/wp\/v2\/pages\/266\/revisions"}],"predecessor-version":[{"id":311,"href":"https:\/\/fairytaleleather.fi\/site\/wp-json\/wp\/v2\/pages\/266\/revisions\/311"}],"wp:attachment":[{"href":"https:\/\/fairytaleleather.fi\/site\/wp-json\/wp\/v2\/media?parent=266"}],"curies":[{"name":"wp","href":"https:\/\/api.w.org\/{rel}","templated":true}]}}