{"id":515,"date":"2026-01-30T17:23:02","date_gmt":"2026-01-30T15:23:02","guid":{"rendered":"https:\/\/fairytaleleather.fi\/site\/?page_id=515"},"modified":"2026-01-30T17:23:02","modified_gmt":"2026-01-30T15:23:02","slug":"tietosuojakaytanto","status":"publish","type":"page","link":"https:\/\/fairytaleleather.fi\/site\/tietosuojakaytanto\/","title":{"rendered":"Tietosuojak\u00e4yt\u00e4nt\u00f6"},"content":{"rendered":"\n<h1 class=\"wp-block-heading\">Tietosuojak\u00e4yt\u00e4nt\u00f6<\/h1>\n\n\n\n<p>Fairytale Leather (my\u00f6s \u201dkauppiaan kaupan nimi\u201d, \u201dme\u201d, \u201drekisterinpit\u00e4j\u00e4\u201d) kunnioittaa yksityisyytt\u00e4si. Takaamme, ett\u00e4 yksityisyytesi on suojattu, kun k\u00e4yt\u00e4t sivustoamme tai teet meilt\u00e4 verkkokauppatilauksen.<\/p>\n\n\n\n<p>Fairytale Leather tarjoaa sinulle tuotteita ja palveluita ja on niiden henkil\u00f6tietojesi rekisterinpit\u00e4j\u00e4, jotka annat tilatessasi tuotteita.<\/p>\n\n\n\n<p>Voit ottaa yhteytt\u00e4 kaupan Fairytale Leather tietosuojavastaavaan k\u00e4ytt\u00e4m\u00e4ll\u00e4 sivun alareunasta l\u00f6ytyvi\u00e4 yhteystietoja.<\/p>\n\n\n\n<p>T\u00e4ss\u00e4 tietosuojak\u00e4yt\u00e4nn\u00f6ss\u00e4 kuvataan, miten henkil\u00f6tietojasi ker\u00e4t\u00e4\u00e4n, k\u00e4ytet\u00e4\u00e4n ja jaetaan, kun vierailet tai teet ostoksia kaupassa kauppa.fairytaleleather.fi (fairytale-leather.sumupstore.com) \u201dsivusto\u201d.<\/p>\n\n\n\n<h3 class=\"wp-block-heading\">Ker\u00e4\u00e4m\u00e4mme henkil\u00f6tiedot<\/h3>\n\n\n\n<p>Kun teet tai yrit\u00e4t tehd\u00e4 ostoksia sivustolla, ker\u00e4\u00e4mme sinusta tiettyj\u00e4 tietoja, kuten nimesi, laskutusosoitteesi, toimitusosoitteesi, maksutietosi (mukaan lukien luottokortin numerot), s\u00e4hk\u00f6postiosoitteesi ja puhelinnumerosi. N\u00e4it\u00e4 tietoja kutsutaan \u201dtilaustiedoiksi\u201d.<\/p>\n\n\n\n<p>Kun vierailet sivustolla, ker\u00e4\u00e4mme automaattisesti tiettyj\u00e4 tietoja laitteestasi sek\u00e4 tietoja selaimestasi, IP-osoitteestasi, aikavy\u00f6hykkeest\u00e4si ja joistakin laitteellesi asennetuista ev\u00e4steist\u00e4. Selatessasi sivustoa ker\u00e4\u00e4mme my\u00f6s tietoja yksitt\u00e4isist\u00e4 katselemistasi verkkosivuista tai tuotteista sek\u00e4 siit\u00e4, mitk\u00e4 verkkosivut tai hakusanat ohjasivat sinut sivustolle ja millaisessa vuorovaikutuksessa olet sivuston kanssa. N\u00e4it\u00e4 automaattisesti ker\u00e4tt\u00e4vi\u00e4 tietoja kutsutaan \u201dlaitetiedoiksi\u201d.<\/p>\n\n\n\n<p>Ker\u00e4\u00e4mme laitetietoja seuraavilla menetelmill\u00e4:<\/p>\n\n\n\n<ol class=\"wp-block-list\">\n<li>\u201dEv\u00e4steet\u201d ovat tiedostoja, jotka tallennetaan laitteellesi tai tietokoneellesi. N\u00e4m\u00e4 tiedostot sis\u00e4lt\u00e4v\u00e4t usein anonyymin yksil\u00f6llisen tunnisteen. Lis\u00e4tietoa ev\u00e4steist\u00e4 ja ohjeet niiden k\u00e4yt\u00f6st\u00e4 poistamiseen l\u00f6yd\u00e4t osoitteesta&nbsp;<a href=\"https:\/\/www.allaboutcookies.org\/\" target=\"_blank\" rel=\"noreferrer noopener\">allaboutcookies.org<\/a>.<\/li>\n\n\n\n<li>\u201dLokitiedostot\u201d seuraavat sivuston tapahtumia ja ker\u00e4\u00e4v\u00e4t tietoja, kuten IP-osoitteen, selaimen tyypin, verkkopalvelun tarjoajan, tulo-\/l\u00e4ht\u00f6sivut ja p\u00e4iv\u00e4m\u00e4\u00e4r\u00e4-\/aikaleimat.<\/li>\n\n\n\n<li>\u201dVerkkoj\u00e4ljitteet\u201d, \u201dtunnisteet\u201d ja \u201dpikselit\u201d ovat tiedostoja, joiden avulla tallennetaan tietoja selausk\u00e4ytt\u00e4ytymisest\u00e4si.<\/li>\n<\/ol>\n\n\n\n<h3 class=\"wp-block-heading\">Miten k\u00e4yt\u00e4mme henkil\u00f6tietojasi?<\/h3>\n\n\n\n<p>K\u00e4yt\u00e4mme ker\u00e4\u00e4mi\u00e4mme tilaustietoja sivustolla tehtyjen tilausten toimittamiseen (mukaan lukien maksutietojen k\u00e4sittely, toimitusj\u00e4rjestelyt sek\u00e4 laskujen ja\/tai tilausvahvistusten toimitus). Lis\u00e4ksi k\u00e4yt\u00e4mme n\u00e4it\u00e4 tilaustietoja<\/p>\n\n\n\n<ol class=\"wp-block-list\">\n<li>yhteydenpitoon kanssasi,<\/li>\n\n\n\n<li>tilausten seulontaan mahdollisten riskien tai petosten varalta ja,<\/li>\n\n\n\n<li>mik\u00e4li olet antanut hyv\u00e4ksynt\u00e4si, tuotteisiimme tai palveluihimme liittyvien tietojen tai mainosten tarjoamiseen sinulle.<\/li>\n<\/ol>\n\n\n\n<p>K\u00e4sittelemme tietojasi kanssasi mahdollisesti tekemiemme sopimusten velvoitteiden t\u00e4ytt\u00e4mist\u00e4 varten (jos esimerkiksi teet sivustolla tilauksen), ja kun k\u00e4sittely on muulla tavoin edell\u00e4 mainittujen oikeutettujen liiketoiminnallisten etujemme nojalla perusteltua.<\/p>\n\n\n\n<p>K\u00e4yt\u00e4mme ker\u00e4\u00e4mi\u00e4mme laitetietoja (erityisesti IP-osoitteita) mahdollisten riskien ja petosten seulontaan sek\u00e4 yleisemmin sivuston parantamiseen ja optimointiin (esimerkiksi laatimalla analyysej\u00e4 siit\u00e4, miten asiakkaat selaavat sivustoa ja ovat vuorovaikutuksessa sen kanssa sek\u00e4 arvioimalla markkinointi- ja mainoskampanjoidemme onnistumista).<\/p>\n\n\n\n<h3 class=\"wp-block-heading\">Henkil\u00f6tietojen jakaminen<\/h3>\n\n\n\n<p>Jaamme henkil\u00f6tietojasi kolmansien osapuolten kanssa voidaksemme k\u00e4ytt\u00e4\u00e4 henkil\u00f6tietojasi edell\u00e4 mainituilla tavoilla. K\u00e4yt\u00e4mme esimerkiksi SumUpia verkkokauppamme toteuttamiseen. K\u00e4yt\u00e4mme my\u00f6s Google Analytics \u2011palvelua ymm\u00e4rt\u00e4\u00e4ksemme, miten asiakkaat k\u00e4ytt\u00e4v\u00e4t sivustoamme. Voit lukea lis\u00e4\u00e4 siit\u00e4, miten Google k\u00e4ytt\u00e4\u00e4 henkil\u00f6tietojasi&nbsp;<a href=\"https:\/\/www.google.com\/intl\/en\/policies\/privacy\/\" rel=\"noreferrer noopener\" target=\"_blank\">t\u00e4\u00e4lt\u00e4<\/a>. Voit my\u00f6s est\u00e4\u00e4 Google Analytics \u2011palvelun k\u00e4yt\u00f6n&nbsp;<a href=\"https:\/\/tools.google.com\/dlpage\/gaoptout\" rel=\"noreferrer noopener\" target=\"_blank\">t\u00e4\u00e4ll\u00e4<\/a>.<\/p>\n\n\n\n<p>Voimme jakaa tietoja palveluntarjoajille, joiden kanssa meill\u00e4 on sopimus ja jotka auttavat meit\u00e4 liiketoiminnassamme. Sopimuksemme edellytt\u00e4v\u00e4t, ett\u00e4 n\u00e4m\u00e4 palveluntarjoajat k\u00e4ytt\u00e4v\u00e4t henkil\u00f6tietojasi pelk\u00e4st\u00e4\u00e4n meille tarjoamiensa palveluiden yhteydess\u00e4 eiv\u00e4tk\u00e4 omaksi edukseen tai muun hy\u00f6dyn tavoitteluun.<\/p>\n\n\n\n<p>Lis\u00e4ksi voimme jakaa henkil\u00f6tietojasi, jos sovellettavat lait tai m\u00e4\u00e4r\u00e4ykset t\u00e4t\u00e4 edellytt\u00e4v\u00e4t, vastatessamme haasteisiin, etsint\u00e4kuulutuksiin ja\/tai muihin lainmukaisiin tietopyynt\u00f6ihin sek\u00e4 oikeuksiemme suojaamiseen muulla tavoin.<\/p>\n\n\n\n<h3 class=\"wp-block-heading\">Tietojen siirt\u00e4minen ulkomaille<\/h3>\n\n\n\n<p>Voimme siirt\u00e4\u00e4 sinusta ker\u00e4ttyj\u00e4 tietoja kolmansille osapuolille, jotka toimivat puolestamme ja jotka voivat sijaita Euroopan talousalueen (ETA) ulkopuolella tai maissa, joissa Euroopan komission p\u00e4\u00e4t\u00f6ksen mukaan on riitt\u00e4v\u00e4 tietosuojan taso. N\u00e4m\u00e4 muut maat eiv\u00e4t v\u00e4ltt\u00e4m\u00e4tt\u00e4 tarjoa samaa suojaustasoa sinusta ker\u00e4tyille tiedoille, mutta ker\u00e4\u00e4mme, tallennamme ja k\u00e4yt\u00e4mme tietoja aina t\u00e4m\u00e4n tietosuojak\u00e4yt\u00e4nn\u00f6n ja voimassa olevien tietosuojalakien mukaisesti. Takaamme, ett\u00e4 jaamme tietoja vain organisaatioille, joiden noudattama tietosuoja on voimassa olevien tietosuojalakien mukaan riitt\u00e4v\u00e4ll\u00e4 tasolla ja joiden kanssa meill\u00e4 on voimassa riitt\u00e4v\u00e4t sopimukset.<\/p>\n\n\n\n<h3 class=\"wp-block-heading\">Oikeutesi<\/h3>\n\n\n\n<p>Jos yleinen tietosuoja-asetus koskee sinua, sinulla on oikeus saada tietoa sinua koskevista ker\u00e4\u00e4mist\u00e4mme henkil\u00f6tiedoista ja pyyt\u00e4\u00e4, ett\u00e4 henkil\u00f6tietojasi muutetaan, p\u00e4ivitet\u00e4\u00e4n tai ett\u00e4 ne poistetaan. Sinulla on oikeus pyyt\u00e4\u00e4 henkil\u00f6tietojesi k\u00e4sittelyn keskeytt\u00e4mist\u00e4 sek\u00e4 vastustaa profilointitoimia ja automaattista k\u00e4sittely\u00e4. Sinulla on lis\u00e4ksi oikeus pyyt\u00e4\u00e4 henkil\u00f6tietojesi k\u00e4sittelyn rajoittamista ja\/tai pyyt\u00e4\u00e4, ett\u00e4 henkil\u00f6tietosi siirret\u00e4\u00e4n kolmannelle osapuolelle (tietojen siirrett\u00e4vyys) tietyiss\u00e4 tilanteissa. Jos haluat k\u00e4ytt\u00e4\u00e4 n\u00e4it\u00e4 oikeuksiasi, ota meihin yhteytt\u00e4 alla olevia yhteystietoja k\u00e4ytt\u00e4m\u00e4ll\u00e4.<\/p>\n\n\n\n<p>Sinulla on oikeus peruuttaa suostumuksesi henkil\u00f6tietojesi k\u00e4sittelyyn milloin tahansa, jos tietojen k\u00e4sittely perustuu suostumukseesi. Voit tehd\u00e4 sen ottamalla yhteytt\u00e4 tietosuojavastaavaan ilmoittamaamme osoitetta k\u00e4ytt\u00e4m\u00e4ll\u00e4.<\/p>\n\n\n\n<p>Jos haluat k\u00e4ytt\u00e4\u00e4 edell\u00e4 lueteltuja oikeuksiasi, voit ottaa meihin yhteytt\u00e4 sivun alalaidassa olevaa yhteydenottolomaketta k\u00e4ytt\u00e4m\u00e4ll\u00e4.<\/p>\n\n\n\n<p>Sinulla on my\u00f6s oikeus tehd\u00e4 valitus tietosuojaviranomaiselle.<\/p>\n\n\n\n<p>Kunkin maan tietosuojaviranomaisen yhteystiedot l\u00f6ytyv\u00e4t&nbsp;<a href=\"https:\/\/ec.europa.eu\/newsroom\/article29\/item-detail.cfm?item_id=612080\" rel=\"noreferrer noopener\" target=\"_blank\">Euroopan komission verkkosivulta<\/a>.<\/p>\n\n\n\n<h3 class=\"wp-block-heading\">Tietojen s\u00e4ilytt\u00e4minen<\/h3>\n\n\n\n<p>Kun teet tilauksen sivuston kautta, s\u00e4ilyt\u00e4mme tilaustietosi niin kauan kuin on tarpeen tilaamiesi palveluiden tarjoamiseksi tai niin kauan kuin sovellettavat lait sit\u00e4 edellytt\u00e4v\u00e4t. T\u00e4m\u00e4n j\u00e4lkeen henkil\u00f6tietosi poistetaan.<\/p>\n\n\n\n<h3 class=\"wp-block-heading\">Muutokset<\/h3>\n\n\n\n<p>Voimme tehd\u00e4 ajoittain muutoksia t\u00e4h\u00e4n tietosuojak\u00e4yt\u00e4nt\u00f6\u00f6n, mik\u00e4li esimerkiksi muutokset toiminnassamme niin edellytt\u00e4v\u00e4t tai muista operatiivisista, oikeudellisista tai s\u00e4\u00e4ntelyllisist\u00e4 syist\u00e4.<\/p>\n\n\n\n<h3 class=\"wp-block-heading\">Ota yhteytt\u00e4<\/h3>\n\n\n\n<p>Mik\u00e4li haluat lis\u00e4tietoja tietosuojak\u00e4yt\u00e4nn\u00f6ist\u00e4mme, sinulla on kysytt\u00e4v\u00e4\u00e4 tai haluat tehd\u00e4 valituksen, ota meihin yhteytt\u00e4 &#8211; yhteystiedot l\u00f6ytyv\u00e4t sivustoltamme <a href=\"https:\/\/fairytaleleather.fi\/site\/ota-yhteytta\/\">https:\/\/fairytaleleather.fi\/site\/ota-yhteytta\/<\/a><\/p>\n\n\n\n<p><\/p>\n","protected":false},"excerpt":{"rendered":"<p>Tietosuojak\u00e4yt\u00e4nt\u00f6 Fairytale Leather (my\u00f6s \u201dkauppiaan kaupan nimi\u201d, \u201dme\u201d, \u201drekisterinpit\u00e4j\u00e4\u201d) kunnioittaa yksityisyytt\u00e4si. Takaamme, ett\u00e4 yksityisyytesi on suojattu, kun k\u00e4yt\u00e4t sivustoamme tai teet meilt\u00e4 verkkokauppatilauksen. Fairytale Leather tarjoaa sinulle tuotteita ja palveluita ja on niiden henkil\u00f6tietojesi rekisterinpit\u00e4j\u00e4, jotka annat tilatessasi tuotteita. Voit ottaa yhteytt\u00e4 kaupan Fairytale Leather tietosuojavastaavaan k\u00e4ytt\u00e4m\u00e4ll\u00e4 sivun alareunasta l\u00f6ytyvi\u00e4 yhteystietoja. T\u00e4ss\u00e4 tietosuojak\u00e4yt\u00e4nn\u00f6ss\u00e4 kuvataan, miten [&hellip;]<\/p>\n","protected":false},"author":2,"featured_media":0,"parent":0,"menu_order":0,"comment_status":"closed","ping_status":"closed","template":"","meta":{"slim_seo":{"title":"Tietosuojak\u00e4yt\u00e4nt\u00f6 - Fairytale Leather - Satumainen SUUTARI","description":"Tietosuojak\u00e4yt\u00e4nt\u00f6 Fairytale Leather (my\u00f6s \u201dkauppiaan kaupan nimi\u201d, \u201dme\u201d, \u201drekisterinpit\u00e4j\u00e4\u201d) kunnioittaa yksityisyytt\u00e4si. Takaamme, ett\u00e4 yksityisyytesi on suoj"},"footnotes":""},"class_list":["post-515","page","type-page","status-publish","hentry"],"jetpack_sharing_enabled":true,"_links":{"self":[{"href":"https:\/\/fairytaleleather.fi\/site\/wp-json\/wp\/v2\/pages\/515","targetHints":{"allow":["GET"]}}],"collection":[{"href":"https:\/\/fairytaleleather.fi\/site\/wp-json\/wp\/v2\/pages"}],"about":[{"href":"https:\/\/fairytaleleather.fi\/site\/wp-json\/wp\/v2\/types\/page"}],"author":[{"embeddable":true,"href":"https:\/\/fairytaleleather.fi\/site\/wp-json\/wp\/v2\/users\/2"}],"replies":[{"embeddable":true,"href":"https:\/\/fairytaleleather.fi\/site\/wp-json\/wp\/v2\/comments?post=515"}],"version-history":[{"count":1,"href":"https:\/\/fairytaleleather.fi\/site\/wp-json\/wp\/v2\/pages\/515\/revisions"}],"predecessor-version":[{"id":516,"href":"https:\/\/fairytaleleather.fi\/site\/wp-json\/wp\/v2\/pages\/515\/revisions\/516"}],"wp:attachment":[{"href":"https:\/\/fairytaleleather.fi\/site\/wp-json\/wp\/v2\/media?parent=515"}],"curies":[{"name":"wp","href":"https:\/\/api.w.org\/{rel}","templated":true}]}}