{"id":9,"date":"2026-01-01T17:15:30","date_gmt":"2026-01-01T17:15:30","guid":{"rendered":"https:\/\/fairytaleleather.fi\/site\/blog\/"},"modified":"2026-02-06T02:28:12","modified_gmt":"2026-02-06T00:28:12","slug":"blog","status":"publish","type":"page","link":"https:\/\/fairytaleleather.fi\/site\/blog\/","title":{"rendered":"Blog"},"content":{"rendered":"\n<div style=\"height:128px\" aria-hidden=\"true\" class=\"wp-block-spacer\"><\/div>\n\n\n<ul style=\"border-style:none;border-width:0px; padding-top:0;padding-bottom:0;\" class=\"wp-block-latest-posts__list has-dates has-author wp-block-latest-posts has-large-font-size\"><li><div class=\"wp-block-latest-posts__featured-image alignleft\"><a href=\"https:\/\/fairytaleleather.fi\/site\/2026\/02\/05\/jatanouda-korjauspalvelu-kirppis-helmi-centerilla\/\" aria-label=\"J\u00e4t\u00e4&amp;Nouda korjauspalvelu Kirppis Helmi Centerill\u00e4\"><img loading=\"lazy\" decoding=\"async\" width=\"150\" height=\"150\" src=\"https:\/\/fairytaleleather.fi\/site\/wp-content\/uploads\/2026\/02\/SatumainenKirpparillaWhatsApp-Image-2026-02-05-at-23.11.33-150x150.jpeg\" class=\"attachment-thumbnail size-thumbnail wp-post-image\" alt=\"\" style=\"max-width:100px;\" srcset=\"https:\/\/fairytaleleather.fi\/site\/wp-content\/uploads\/2026\/02\/SatumainenKirpparillaWhatsApp-Image-2026-02-05-at-23.11.33-150x150.jpeg 150w, https:\/\/fairytaleleather.fi\/site\/wp-content\/uploads\/2026\/02\/SatumainenKirpparillaWhatsApp-Image-2026-02-05-at-23.11.33-300x300.jpeg 300w, https:\/\/fairytaleleather.fi\/site\/wp-content\/uploads\/2026\/02\/SatumainenKirpparillaWhatsApp-Image-2026-02-05-at-23.11.33-100x100.jpeg 100w\" sizes=\"auto, (max-width: 150px) 100vw, 150px\" \/><\/a><\/div><a class=\"wp-block-latest-posts__post-title\" href=\"https:\/\/fairytaleleather.fi\/site\/2026\/02\/05\/jatanouda-korjauspalvelu-kirppis-helmi-centerilla\/\">J\u00e4t\u00e4&amp;Nouda korjauspalvelu Kirppis Helmi Centerill\u00e4<\/a><div class=\"wp-block-latest-posts__post-author\">kirjoittanut Satumainen Suutari<\/div><time datetime=\"2026-02-05T18:30:51+02:00\" class=\"wp-block-latest-posts__post-date\">5.2.2026<\/time><div class=\"wp-block-latest-posts__post-full-content\"><!-- wp:spacer {\"height\":\"15px\"} -->\n<div style=\"height:15px\" aria-hidden=\"true\" class=\"wp-block-spacer\"><\/div>\n<!-- \/wp:spacer -->\n\n<!-- wp:paragraph -->\n<p>Keskiviikkona alkoi yhteisty\u00f6 Nokian Kirppis Helmi Centerill\u00e4, Nokian Harjucenteriss\u00e4, kun kirppis alkaa tarjoamaan asiakkaille minun J\u00e4t\u00e4&amp;Nouda suutarin korjauspalvelua. T\u00e4m\u00e4 on samaan aikaan niin siisti\u00e4 ja niin j\u00e4nnitt\u00e4v\u00e4\u00e4. T\u00e4t\u00e4 on py\u00f6ritelty toisinaan y\u00f6t\u00e4 p\u00e4iv\u00e4\u00e4 p\u00e4\u00e4ss\u00e4, miten se saatais mahdollisimman toimivaksi sek\u00e4 teille asiakkaille, minulle ett\u00e4 kirppiksen henkil\u00f6kunnalle. L\u00e4hdet\u00e4\u00e4n nyt aluksi ainakin liikkeelle niin, ett\u00e4 koitan olla itse paikalla alkuun kirppiksell\u00e4 maanantaiaamup\u00e4ivisin ja torstaisin iltap\u00e4iv\u00e4st\u00e4. N\u00e4ist\u00e4 ilmoitellaan viel\u00e4 somessa tarkemmin, joten kannattaa ottaan sek\u00e4 <a href=\"https:\/\/www.facebook.com\/p\/Fairytale-Leather-61558577761225\/\" data-type=\"link\" data-id=\"https:\/\/www.facebook.com\/p\/Fairytale-Leather-61558577761225\/\">Fairytale Leather<\/a> ja <a href=\"https:\/\/www.facebook.com\/profile.php?id=61560386930964\" data-type=\"link\" data-id=\"https:\/\/www.facebook.com\/profile.php?id=61560386930964\">Kirppis Helmi Center<\/a> seurantaan Facessa, jos haluatte pysy\u00e4 ajantasalla n\u00e4ist\u00e4 suutarinhommeleista kirppiksell\u00e4.\u00a0<\/p>\n<!-- \/wp:paragraph -->\n\n<!-- wp:heading -->\n<h2 class=\"wp-block-heading\"><strong>Homma menee siis n\u00e4in:<\/strong><\/h2>\n<!-- \/wp:heading -->\n\n<!-- wp:media-text {\"mediaId\":541,\"mediaLink\":\"https:\/\/fairytaleleather.fi\/site\/?attachment_id=541\",\"mediaType\":\"image\",\"mediaWidth\":15,\"mediaSizeSlug\":\"thumbnail\",\"isStackedOnMobile\":false,\"imageFill\":false} -->\n<div class=\"wp-block-media-text\" style=\"grid-template-columns:15% auto\"><figure class=\"wp-block-media-text__media\"><img loading=\"lazy\" decoding=\"async\" width=\"150\" height=\"150\" src=\"https:\/\/fairytaleleather.fi\/site\/wp-content\/uploads\/2026\/02\/ngr1-jata-150x150.png\" alt=\"\" class=\"wp-image-541 size-thumbnail\" srcset=\"https:\/\/fairytaleleather.fi\/site\/wp-content\/uploads\/2026\/02\/ngr1-jata-150x150.png 150w, https:\/\/fairytaleleather.fi\/site\/wp-content\/uploads\/2026\/02\/ngr1-jata-300x300.png 300w, https:\/\/fairytaleleather.fi\/site\/wp-content\/uploads\/2026\/02\/ngr1-jata-768x768.png 768w, https:\/\/fairytaleleather.fi\/site\/wp-content\/uploads\/2026\/02\/ngr1-jata-650x650.png 650w, https:\/\/fairytaleleather.fi\/site\/wp-content\/uploads\/2026\/02\/ngr1-jata-600x600.png 600w, https:\/\/fairytaleleather.fi\/site\/wp-content\/uploads\/2026\/02\/ngr1-jata-100x100.png 100w, https:\/\/fairytaleleather.fi\/site\/wp-content\/uploads\/2026\/02\/ngr1-jata.png 1000w\" sizes=\"auto, (max-width: 150px) 100vw, 150px\" \/><\/figure><div class=\"wp-block-media-text__content\"><!-- wp:heading {\"level\":3,\"style\":{\"typography\":{\"letterSpacing\":\"px\"}},\"fontSize\":\"large\"} -->\n<h3 class=\"wp-block-heading has-large-font-size\" style=\"letter-spacing:px\"><strong>J\u00c4T\u00c4 KORJATTAVAT TUOTTEET KIRPPARILLE<\/strong><\/h3>\n<!-- \/wp:heading --><\/div><\/div>\n<!-- \/wp:media-text -->\n\n<!-- wp:paragraph -->\n<p>Kirpparille voi tuoda aukioloaikojen puitteissa korjattavia tuotteita. Paikanp\u00e4\u00e4ll\u00e4 t\u00e4ytet\u00e4\u00e4n asiakkaan toimesta ty\u00f6tilauslomake, johon merkit\u00e4\u00e4n asiakkaan yhteystiedot, korjattava tuote ja kuvaus korjauksesta. Kirpputorin henkil\u00f6kunta ottaa korjattavat vastaan kassalla, josta saat my\u00f6s lipukkeen noutoa varten. <\/p>\n<!-- \/wp:paragraph -->\n\n<!-- wp:media-text {\"mediaId\":548,\"mediaLink\":\"https:\/\/fairytaleleather.fi\/site\/?attachment_id=548\",\"mediaType\":\"image\",\"mediaWidth\":15,\"mediaSizeSlug\":\"thumbnail\",\"isStackedOnMobile\":false} -->\n<div class=\"wp-block-media-text\" style=\"grid-template-columns:15% auto\"><figure class=\"wp-block-media-text__media\"><img loading=\"lazy\" decoding=\"async\" width=\"150\" height=\"150\" src=\"https:\/\/fairytaleleather.fi\/site\/wp-content\/uploads\/2026\/02\/ngr2-luuri-2-150x150.png\" alt=\"\" class=\"wp-image-548 size-thumbnail\" srcset=\"https:\/\/fairytaleleather.fi\/site\/wp-content\/uploads\/2026\/02\/ngr2-luuri-2-150x150.png 150w, https:\/\/fairytaleleather.fi\/site\/wp-content\/uploads\/2026\/02\/ngr2-luuri-2-300x300.png 300w, https:\/\/fairytaleleather.fi\/site\/wp-content\/uploads\/2026\/02\/ngr2-luuri-2-768x768.png 768w, https:\/\/fairytaleleather.fi\/site\/wp-content\/uploads\/2026\/02\/ngr2-luuri-2-650x650.png 650w, https:\/\/fairytaleleather.fi\/site\/wp-content\/uploads\/2026\/02\/ngr2-luuri-2-600x600.png 600w, https:\/\/fairytaleleather.fi\/site\/wp-content\/uploads\/2026\/02\/ngr2-luuri-2-100x100.png 100w, https:\/\/fairytaleleather.fi\/site\/wp-content\/uploads\/2026\/02\/ngr2-luuri-2.png 1000w\" sizes=\"auto, (max-width: 150px) 100vw, 150px\" \/><\/figure><div class=\"wp-block-media-text__content\"><!-- wp:heading {\"level\":3} -->\n<h3 class=\"wp-block-heading\"><strong>SUUTARI OTTAA SINUUN YHTEYTT\u00c4<\/strong><\/h3>\n<!-- \/wp:heading --><\/div><\/div>\n<!-- \/wp:media-text -->\n\n<!-- wp:paragraph -->\n<p>Kuljetan korjattavia korjaukseen sek\u00e4 valmistuneita noutoa varten noin kahdesti viikossa &#8211; aluksi maanantaisin ja torstaisin. Kun olen hakenut korjattavat, k\u00e4yn ne l\u00e4pi verstaallani ja laitan asiakkaalle viestill\u00e4 korjausehdotuksen, mahdolliset lis\u00e4kysymykset ja hinta-arvion. <\/p>\n<!-- \/wp:paragraph -->\n\n<!-- wp:paragraph -->\n<p>Odotan asiakkaalta kuittausta viestiin ennen kun alan ty\u00f6t\u00e4 tekem\u00e4\u00e4n, eli asiakas p\u00e4\u00e4tt\u00e4\u00e4 tuotteen korjauksesta vasta hinta-arvion saatuaan. <\/p>\n<!-- \/wp:paragraph -->\n\n<!-- wp:media-text {\"mediaId\":544,\"mediaLink\":\"https:\/\/fairytaleleather.fi\/site\/?attachment_id=544\",\"mediaType\":\"image\",\"mediaWidth\":15,\"mediaSizeSlug\":\"thumbnail\",\"isStackedOnMobile\":false} -->\n<div class=\"wp-block-media-text\" style=\"grid-template-columns:15% auto\"><figure class=\"wp-block-media-text__media\"><img loading=\"lazy\" decoding=\"async\" width=\"150\" height=\"150\" src=\"https:\/\/fairytaleleather.fi\/site\/wp-content\/uploads\/2026\/02\/ngr3-kello-150x150.png\" alt=\"\" class=\"wp-image-544 size-thumbnail\" srcset=\"https:\/\/fairytaleleather.fi\/site\/wp-content\/uploads\/2026\/02\/ngr3-kello-150x150.png 150w, https:\/\/fairytaleleather.fi\/site\/wp-content\/uploads\/2026\/02\/ngr3-kello-300x300.png 300w, https:\/\/fairytaleleather.fi\/site\/wp-content\/uploads\/2026\/02\/ngr3-kello-768x768.png 768w, https:\/\/fairytaleleather.fi\/site\/wp-content\/uploads\/2026\/02\/ngr3-kello-650x650.png 650w, https:\/\/fairytaleleather.fi\/site\/wp-content\/uploads\/2026\/02\/ngr3-kello-600x600.png 600w, https:\/\/fairytaleleather.fi\/site\/wp-content\/uploads\/2026\/02\/ngr3-kello-100x100.png 100w, https:\/\/fairytaleleather.fi\/site\/wp-content\/uploads\/2026\/02\/ngr3-kello.png 1000w\" sizes=\"auto, (max-width: 150px) 100vw, 150px\" \/><\/figure><div class=\"wp-block-media-text__content\"><!-- wp:heading {\"level\":3} -->\n<h3 class=\"wp-block-heading\"><strong>ODOTA KORJAUKSEN VALMISTUMISTA<\/strong><\/h3>\n<!-- \/wp:heading --><\/div><\/div>\n<!-- \/wp:media-text -->\n\n<!-- wp:paragraph -->\n<p>Ty\u00f6n valmistuttua laitan viesti\u00e4 asiakkaalle ja sovitaan maksutavasta. T\u00e4m\u00e4 siksi, ett\u00e4 vaikka maksutapavaihtoehtoja l\u00f6ytyy useita, niin sujuva tilausten ja maksujen hallinta on vasta kehitteill\u00e4 ja t\u00e4ss\u00e4 vaiheessa haluankin varmistaa, ett\u00e4 mahdollisissa virhetilanteissa ei j\u00e4\u00e4d\u00e4 pitk\u00e4ksi aikaa ep\u00e4varmuuteen maksun onnistumisesta ja toisaalta mahdolliset liikasuoritukset tulevat palautettua pikimmiten. Vaihtoehtoina et\u00e4maksuille t\u00e4ll\u00e4 hetkell\u00e4 Mobilepay, Google Pay, s\u00e4hk\u00f6postilasku (tilisiirto) ja pankki\/luottokortin veloitus sy\u00f6tt\u00e4m\u00e4ll\u00e4 tiedot maksupalveluntarjoajan SumUp maksulinkin kautta. Kasvokkain kirpparilla (tai verstaallani) onnistuvat my\u00f6s korttimaksu maksup\u00e4\u00e4tteell\u00e4 ja k\u00e4teinen, mutta muistathan sopia t\u00e4st\u00e4 erikseen, niin tied\u00e4n ottaa my\u00f6s korjatut tuotteesi mukaani. <\/p>\n<!-- \/wp:paragraph -->\n\n<!-- wp:media-text {\"mediaId\":545,\"mediaLink\":\"https:\/\/fairytaleleather.fi\/site\/?attachment_id=545\",\"mediaType\":\"image\",\"mediaWidth\":15,\"mediaSizeSlug\":\"thumbnail\",\"isStackedOnMobile\":false} -->\n<div class=\"wp-block-media-text\" style=\"grid-template-columns:15% auto\"><figure class=\"wp-block-media-text__media\"><img loading=\"lazy\" decoding=\"async\" width=\"150\" height=\"150\" src=\"https:\/\/fairytaleleather.fi\/site\/wp-content\/uploads\/2026\/02\/ngr4-maksa-150x150.png\" alt=\"\" class=\"wp-image-545 size-thumbnail\" srcset=\"https:\/\/fairytaleleather.fi\/site\/wp-content\/uploads\/2026\/02\/ngr4-maksa-150x150.png 150w, https:\/\/fairytaleleather.fi\/site\/wp-content\/uploads\/2026\/02\/ngr4-maksa-300x300.png 300w, https:\/\/fairytaleleather.fi\/site\/wp-content\/uploads\/2026\/02\/ngr4-maksa-768x768.png 768w, https:\/\/fairytaleleather.fi\/site\/wp-content\/uploads\/2026\/02\/ngr4-maksa-650x650.png 650w, https:\/\/fairytaleleather.fi\/site\/wp-content\/uploads\/2026\/02\/ngr4-maksa-600x600.png 600w, https:\/\/fairytaleleather.fi\/site\/wp-content\/uploads\/2026\/02\/ngr4-maksa-100x100.png 100w, https:\/\/fairytaleleather.fi\/site\/wp-content\/uploads\/2026\/02\/ngr4-maksa.png 1000w\" sizes=\"auto, (max-width: 150px) 100vw, 150px\" \/><\/figure><div class=\"wp-block-media-text__content\"><!-- wp:heading {\"level\":3} -->\n<h3 class=\"wp-block-heading\"><strong>MAKSA KORJAUSTY\u00d6<\/strong> <\/h3>\n<!-- \/wp:heading --><\/div><\/div>\n<!-- \/wp:media-text -->\n\n<!-- wp:paragraph -->\n<p>Kun maksusuoritus n\u00e4kyy minulla, vien korjatut tuotteet kirpputorille seuraavassa kuormassa. Ilmoitan viel\u00e4 viestill\u00e4, kun olen j\u00e4tt\u00e4nyt korjatut tuotteet kirpparille asiakkaan noudettavaksi.<\/p>\n<!-- \/wp:paragraph -->\n\n<!-- wp:media-text {\"mediaId\":549,\"mediaLink\":\"https:\/\/fairytaleleather.fi\/site\/?attachment_id=549\",\"mediaType\":\"image\",\"mediaWidth\":15,\"mediaSizeSlug\":\"thumbnail\",\"isStackedOnMobile\":false} -->\n<div class=\"wp-block-media-text\" style=\"grid-template-columns:15% auto\"><figure class=\"wp-block-media-text__media\"><img loading=\"lazy\" decoding=\"async\" width=\"150\" height=\"150\" src=\"https:\/\/fairytaleleather.fi\/site\/wp-content\/uploads\/2026\/02\/ngr5-nouda-1-150x150.png\" alt=\"\" class=\"wp-image-549 size-thumbnail\" srcset=\"https:\/\/fairytaleleather.fi\/site\/wp-content\/uploads\/2026\/02\/ngr5-nouda-1-150x150.png 150w, https:\/\/fairytaleleather.fi\/site\/wp-content\/uploads\/2026\/02\/ngr5-nouda-1-300x300.png 300w, https:\/\/fairytaleleather.fi\/site\/wp-content\/uploads\/2026\/02\/ngr5-nouda-1-768x768.png 768w, https:\/\/fairytaleleather.fi\/site\/wp-content\/uploads\/2026\/02\/ngr5-nouda-1-650x650.png 650w, https:\/\/fairytaleleather.fi\/site\/wp-content\/uploads\/2026\/02\/ngr5-nouda-1-600x600.png 600w, https:\/\/fairytaleleather.fi\/site\/wp-content\/uploads\/2026\/02\/ngr5-nouda-1-100x100.png 100w, https:\/\/fairytaleleather.fi\/site\/wp-content\/uploads\/2026\/02\/ngr5-nouda-1.png 1000w\" sizes=\"auto, (max-width: 150px) 100vw, 150px\" \/><\/figure><div class=\"wp-block-media-text__content\"><!-- wp:heading {\"level\":3} -->\n<h3 class=\"wp-block-heading\"><strong>NOUDA KORJATUT TUOTTEET KIRPPARILTA<\/strong><\/h3>\n<!-- \/wp:heading --><\/div><\/div>\n<!-- \/wp:media-text -->\n\n<!-- wp:paragraph -->\n<p>Voit noutaa tuotteesi kirpparin henkil\u00f6kunnalta tuotteita j\u00e4tt\u00e4ess\u00e4si saamaasi lappua tai em. noutoviesti\u00e4 n\u00e4ytt\u00e4m\u00e4ll\u00e4. Luovutuksen yhteydess\u00e4 pyydet\u00e4\u00e4n viel\u00e4 asiakkaalta noutokuittaus.  Jos nyt kuitenkin sek\u00e4 noutolappu ett\u00e4 viesti ovat p\u00e4\u00e4sseet katoamaan, niin olethan yhteydess\u00e4 suutariin eli minuun, niin l\u00e4hettelen noutoviestin uudelleen haluamaasi numeroon. N\u00e4in v\u00e4ltyt\u00e4\u00e4n silt\u00e4, ettei kirpparin henkil\u00f6kunnan tarvitse keksi\u00e4 keinoja varmistua, ettei tuotteet l\u00e4hde v\u00e4\u00e4riin k\u00e4siin. <\/p>\n<!-- \/wp:paragraph -->\n\n<!-- wp:heading -->\n<h2 class=\"wp-block-heading\"><strong>Mik\u00e4 ihmeen vitosen palvelumaksu?<\/strong><\/h2>\n<!-- \/wp:heading -->\n\n<!-- wp:paragraph -->\n<p>T\u00e4t\u00e4 py\u00f6riteltiin vaikka kuinka ja paljon, miten saan katettua edes osan kuluista, mitk\u00e4 minulla menee tarjotessani kyseist\u00e4 korjauspalvelua teille. Hinnoittelen ty\u00f6t saman hinnaston mukaan riippumatta siit\u00e4, onko korjattava tuotu ja noudettu minulle asiakkaan toimesta kotiovelleni, jossa ty\u00f6tilani sijaitsee. Samalla asiakaskohtaamisella pystyn arvioimaan korjattavan ty\u00f6n hinnan sek\u00e4 ty\u00f6jonon pituuden ja asiakas noutaa ja samalla maksaa korjatun tuotteen paikanp\u00e4\u00e4ll\u00e4 kotini yhteydess\u00e4 sijaitsevasta verstaastani. Kun taas korjauspalvelua kirppikselle tarjotessani lis\u00e4kuluja kertyy korjattavien tuotteiden kuljetuksesta, asiakkaan kontaktointiin kuluneesta ty\u00f6ajasta sek\u00e4 maksuista kirppikselle heid\u00e4n tilojen ja henkil\u00f6kunnan k\u00e4yt\u00f6st\u00e4. Toivon, ettei vitosen palvelumaksu tunnu teist\u00e4 kohtuuttomalta, haluan kuitenkin tuoda palvelut l\u00e4hemm\u00e4s teit\u00e4 asiakkaita ja teille helpommin saavutettaviksi.<\/p>\n<!-- \/wp:paragraph -->\n\n<!-- wp:heading -->\n<h2 class=\"wp-block-heading\"><strong>Avoimin mielin<\/strong><\/h2>\n<!-- \/wp:heading -->\n\n<!-- wp:paragraph -->\n<p>Minua saa l\u00e4hesty\u00e4 puhelimitse, s\u00e4hk\u00f6postilla tai nyk\u00e4ist\u00e4 kirpparilla rohkeasti hihasta. Vastaan mielell\u00e4ni kaikkiin suutarointiin liittyviin kysymyksiin parhaan tiet\u00e4mykseni mukaan ja jos en heti osaa vastata niin selvit\u00e4n asian tukiverkostojeni avulla. Olenkin eritt\u00e4in kiitollinen monille kollegoilleni, joilta olen valtavasti saanut tukea ja oppia sek\u00e4 opiskeluaikana ja nyt tuoreena yritt\u00e4j\u00e4n\u00e4. Ja tosiaan t\u00e4t\u00e4 palvelua t\u00e4ss\u00e4 kehitet\u00e4\u00e4n kokoajan toimivammaksi, joten palautetta ja kehitysideoita kuulen my\u00f6s mielell\u00e4ni.<\/p>\n<!-- \/wp:paragraph -->\n\n<!-- wp:paragraph -->\n<p>Terkuin,<\/p>\n<!-- \/wp:paragraph -->\n\n<!-- wp:paragraph -->\n<p><em>Satu<\/em><\/p>\n<!-- \/wp:paragraph -->\n\n<!-- wp:preformatted -->\n<pre class=\"wp-block-preformatted\"><\/pre>\n<!-- \/wp:preformatted -->\n\n<!-- wp:image {\"id\":589,\"sizeSlug\":\"large\",\"linkDestination\":\"none\"} -->\n<figure class=\"wp-block-image size-large\"><img loading=\"lazy\" decoding=\"async\" width=\"768\" height=\"1024\" src=\"https:\/\/fairytaleleather.fi\/site\/wp-content\/uploads\/2026\/02\/SatumainenKirpparillaWhatsApp-Image-2026-02-05-at-23.11.33-768x1024.jpeg\" alt=\"\" class=\"wp-image-589\" srcset=\"https:\/\/fairytaleleather.fi\/site\/wp-content\/uploads\/2026\/02\/SatumainenKirpparillaWhatsApp-Image-2026-02-05-at-23.11.33-768x1024.jpeg 768w, https:\/\/fairytaleleather.fi\/site\/wp-content\/uploads\/2026\/02\/SatumainenKirpparillaWhatsApp-Image-2026-02-05-at-23.11.33-225x300.jpeg 225w, https:\/\/fairytaleleather.fi\/site\/wp-content\/uploads\/2026\/02\/SatumainenKirpparillaWhatsApp-Image-2026-02-05-at-23.11.33-1152x1536.jpeg 1152w, https:\/\/fairytaleleather.fi\/site\/wp-content\/uploads\/2026\/02\/SatumainenKirpparillaWhatsApp-Image-2026-02-05-at-23.11.33-600x800.jpeg 600w, https:\/\/fairytaleleather.fi\/site\/wp-content\/uploads\/2026\/02\/SatumainenKirpparillaWhatsApp-Image-2026-02-05-at-23.11.33.jpeg 1200w\" sizes=\"auto, (max-width: 768px) 100vw, 768px\" \/><\/figure>\n<!-- \/wp:image --><\/div><\/li>\n<\/ul>\n\n\n<div style=\"height:290px\" aria-hidden=\"true\" class=\"wp-block-spacer\"><\/div>\n","protected":false},"excerpt":{"rendered":"","protected":false},"author":2,"featured_media":0,"parent":0,"menu_order":0,"comment_status":"closed","ping_status":"closed","template":"","meta":{"slim_seo":{"title":"Blog - Fairytale Leather - Satumainen SUUTARI","description":""},"footnotes":""},"class_list":["post-9","page","type-page","status-publish","hentry"],"jetpack_sharing_enabled":true,"_links":{"self":[{"href":"https:\/\/fairytaleleather.fi\/site\/wp-json\/wp\/v2\/pages\/9","targetHints":{"allow":["GET"]}}],"collection":[{"href":"https:\/\/fairytaleleather.fi\/site\/wp-json\/wp\/v2\/pages"}],"about":[{"href":"https:\/\/fairytaleleather.fi\/site\/wp-json\/wp\/v2\/types\/page"}],"author":[{"embeddable":true,"href":"https:\/\/fairytaleleather.fi\/site\/wp-json\/wp\/v2\/users\/2"}],"replies":[{"embeddable":true,"href":"https:\/\/fairytaleleather.fi\/site\/wp-json\/wp\/v2\/comments?post=9"}],"version-history":[{"count":8,"href":"https:\/\/fairytaleleather.fi\/site\/wp-json\/wp\/v2\/pages\/9\/revisions"}],"predecessor-version":[{"id":719,"href":"https:\/\/fairytaleleather.fi\/site\/wp-json\/wp\/v2\/pages\/9\/revisions\/719"}],"wp:attachment":[{"href":"https:\/\/fairytaleleather.fi\/site\/wp-json\/wp\/v2\/media?parent=9"}],"curies":[{"name":"wp","href":"https:\/\/api.w.org\/{rel}","templated":true}]}}