{"id":524,"date":"2026-01-30T18:17:21","date_gmt":"2026-01-30T16:17:21","guid":{"rendered":"https:\/\/fairytaleleather.fi\/site\/?post_type=product&#038;p=524"},"modified":"2026-02-28T10:11:08","modified_gmt":"2026-02-28T08:11:08","slug":"avaimenpera-talli","status":"publish","type":"product","link":"https:\/\/fairytaleleather.fi\/site\/tuote\/avaimenpera-talli\/","title":{"rendered":"Avaimenper\u00e4 &#8221;TALLI&#8221;"},"content":{"rendered":"<p>Nahkainen avaimenper\u00e4 tekstill\u00e4 &#8221;talli&#8221;.<\/p>\n<p>Toimitustapana t\u00e4lle ainoastaan nouto Linnavuoresta kaupalta.<\/p>\n<p><em>T\u00e4m\u00e4 on ensisijaisesti testituotteena verkkokaupassa, joten jos haluat tilata t\u00e4m\u00e4n tuotteen, olethan yhteydess\u00e4. Jos tilasit ja maksoit t\u00e4m\u00e4n tuotteen verkkokaupassa, olethan yhteydess\u00e4 maksun palautusta varten.<\/em><\/p>\n","protected":false},"excerpt":{"rendered":"<p>Nahkainen avaimenper\u00e4 tekstill\u00e4 &#8221;talli&#8221;.<\/p>\n","protected":false},"featured_media":525,"template":"","meta":{"slim_seo":{"title":"Avaimenper\u00e4 \"TALLI\" - Fairytale Leather - Satumainen SUUTARI","description":"Nahkainen avaimenper\u00e4 tekstill\u00e4 \"talli\"."}},"product_brand":[],"product_cat":[25],"product_tag":[],"class_list":{"0":"post-524","1":"product","2":"type-product","3":"status-publish","4":"has-post-thumbnail","6":"product_cat-nahkatuotteet","8":"first","9":"instock","10":"taxable","11":"shipping-taxable","12":"purchasable","13":"product-type-simple"},"jetpack_sharing_enabled":true,"_links":{"self":[{"href":"https:\/\/fairytaleleather.fi\/site\/wp-json\/wp\/v2\/product\/524","targetHints":{"allow":["GET"]}}],"collection":[{"href":"https:\/\/fairytaleleather.fi\/site\/wp-json\/wp\/v2\/product"}],"about":[{"href":"https:\/\/fairytaleleather.fi\/site\/wp-json\/wp\/v2\/types\/product"}],"wp:featuredmedia":[{"embeddable":true,"href":"https:\/\/fairytaleleather.fi\/site\/wp-json\/wp\/v2\/media\/525"}],"wp:attachment":[{"href":"https:\/\/fairytaleleather.fi\/site\/wp-json\/wp\/v2\/media?parent=524"}],"wp:term":[{"taxonomy":"product_brand","embeddable":true,"href":"https:\/\/fairytaleleather.fi\/site\/wp-json\/wp\/v2\/product_brand?post=524"},{"taxonomy":"product_cat","embeddable":true,"href":"https:\/\/fairytaleleather.fi\/site\/wp-json\/wp\/v2\/product_cat?post=524"},{"taxonomy":"product_tag","embeddable":true,"href":"https:\/\/fairytaleleather.fi\/site\/wp-json\/wp\/v2\/product_tag?post=524"}],"curies":[{"name":"wp","href":"https:\/\/api.w.org\/{rel}","templated":true}]}}